{"id":1359,"date":"2023-05-19T06:54:39","date_gmt":"2023-05-19T04:54:39","guid":{"rendered":"https:\/\/francemermet.art\/?page_id=1359"},"modified":"2024-11-12T16:21:38","modified_gmt":"2024-11-12T15:21:38","slug":"dhier-a-demain","status":"publish","type":"page","link":"https:\/\/francemermet.art\/?page_id=1359","title":{"rendered":"D&rsquo;hier \u00e0 demain"},"content":{"rendered":"\t\t<div data-elementor-type=\"wp-page\" data-elementor-id=\"1359\" class=\"elementor elementor-1359\">\n\t\t\t\t\t\t<section class=\"elementor-section elementor-top-section elementor-element elementor-element-fb3d426 elementor-section-boxed elementor-section-height-default elementor-section-height-default\" data-id=\"fb3d426\" data-element_type=\"section\" data-e-type=\"section\">\n\t\t\t\t\t\t<div class=\"elementor-container elementor-column-gap-default\">\n\t\t\t\t\t<div class=\"elementor-column elementor-col-50 elementor-top-column elementor-element elementor-element-e7cd99b\" data-id=\"e7cd99b\" data-element_type=\"column\" data-e-type=\"column\">\n\t\t\t<div class=\"elementor-widget-wrap elementor-element-populated\">\n\t\t\t\t\t\t<div class=\"elementor-element elementor-element-e4a5650 elementor-arrows-position-inside elementor-pagination-position-outside elementor-widget elementor-widget-image-carousel\" data-id=\"e4a5650\" data-element_type=\"widget\" data-e-type=\"widget\" data-settings=\"{&quot;slides_to_show&quot;:&quot;1&quot;,&quot;navigation&quot;:&quot;both&quot;,&quot;autoplay&quot;:&quot;yes&quot;,&quot;pause_on_hover&quot;:&quot;yes&quot;,&quot;pause_on_interaction&quot;:&quot;yes&quot;,&quot;autoplay_speed&quot;:5000,&quot;infinite&quot;:&quot;yes&quot;,&quot;effect&quot;:&quot;slide&quot;,&quot;speed&quot;:500}\" data-widget_type=\"image-carousel.default\">\n\t\t\t\t<div class=\"elementor-widget-container\">\n\t\t\t\t\t\t\t<div class=\"elementor-image-carousel-wrapper swiper\" role=\"region\" aria-roledescription=\"carousel\" aria-label=\"Carrousel d\u2019images\" dir=\"ltr\">\n\t\t\t<div class=\"elementor-image-carousel swiper-wrapper\" aria-live=\"off\">\n\t\t\t\t\t\t\t\t<div class=\"swiper-slide\" role=\"group\" aria-roledescription=\"slide\" aria-label=\"1 sur 3\"><figure class=\"swiper-slide-inner\"><img decoding=\"async\" class=\"swiper-slide-image\" src=\"https:\/\/francemermet.art\/wp-content\/uploads\/2023\/05\/HAD3-1-2048x2048.jpg\" alt=\"HAD3\" \/><\/figure><\/div><div class=\"swiper-slide\" role=\"group\" aria-roledescription=\"slide\" aria-label=\"2 sur 3\"><figure class=\"swiper-slide-inner\"><img decoding=\"async\" class=\"swiper-slide-image\" src=\"https:\/\/francemermet.art\/wp-content\/uploads\/2023\/05\/HAD2-1-2048x2048.jpg\" alt=\"HAD2\" \/><\/figure><\/div><div class=\"swiper-slide\" role=\"group\" aria-roledescription=\"slide\" aria-label=\"3 sur 3\"><figure class=\"swiper-slide-inner\"><img decoding=\"async\" class=\"swiper-slide-image\" src=\"https:\/\/francemermet.art\/wp-content\/uploads\/2023\/05\/HAD1-1-2048x2048.jpg\" alt=\"HAD1\" \/><\/figure><\/div>\t\t\t<\/div>\n\t\t\t\t\t\t\t\t\t\t\t\t<div class=\"elementor-swiper-button elementor-swiper-button-prev\" role=\"button\" tabindex=\"0\">\n\t\t\t\t\t\t<i aria-hidden=\"true\" class=\"eicon-chevron-left\"><\/i>\t\t\t\t\t<\/div>\n\t\t\t\t\t<div class=\"elementor-swiper-button elementor-swiper-button-next\" role=\"button\" tabindex=\"0\">\n\t\t\t\t\t\t<i aria-hidden=\"true\" class=\"eicon-chevron-right\"><\/i>\t\t\t\t\t<\/div>\n\t\t\t\t\n\t\t\t\t\t\t\t\t\t<div class=\"swiper-pagination\"><\/div>\n\t\t\t\t\t\t\t\t\t<\/div>\n\t\t\t\t\t\t<\/div>\n\t\t\t\t<\/div>\n\t\t\t\t\t<\/div>\n\t\t<\/div>\n\t\t\t\t<div class=\"elementor-column elementor-col-50 elementor-top-column elementor-element elementor-element-b01a859\" data-id=\"b01a859\" data-element_type=\"column\" data-e-type=\"column\">\n\t\t\t<div class=\"elementor-widget-wrap elementor-element-populated\">\n\t\t\t\t\t\t<div class=\"elementor-element elementor-element-10b78fe elementor-widget elementor-widget-text-editor\" data-id=\"10b78fe\" data-element_type=\"widget\" data-e-type=\"widget\" data-widget_type=\"text-editor.default\">\n\t\t\t\t<div class=\"elementor-widget-container\">\n\t\t\t\t\t\t\t\t\t<h2><em>Festival <a href=\"https:\/\/airtdefamille.fr\/\">AIRT DE FAMILLE<\/a><\/em><\/h2><h2>D&rsquo;HIER \u00c0 DEMAIN (2023)<\/h2><p>Cette installation a \u00e9t\u00e9 pens\u00e9e comme une exp\u00e9rience d&rsquo;espace, dans une salle t\u00e9moin du Mus\u00e9e des Tissus choisie pour la force de ses d\u00e9tails patrimoniaux class\u00e9s, qui a su conserver l&rsquo;essence du lieu.<br \/>La faille dans le sol donne la sensation d&rsquo;un continuum entre le pass\u00e9 et le futur du lieu, et vient l&rsquo;ancrer comme un espace autre, intemporel.<br \/>Les totems flottants aux formes contemporaines sont compos\u00e9s de livres anciens \u00a0sculpt\u00e9s et incarnent l&rsquo;esprit du r\u00e9emploi, l&rsquo;id\u00e9e d&rsquo;utiliser la mati\u00e8re pour ses caract\u00e9ristiques techniques, en repensant l&rsquo;usage.\u00a0<\/p><p>\u00a0<\/p><p><em>Exposition visible du 29 avril au 30 juillet au Mus\u00e9e des Tissus, 34 rue de la Charit\u00e9 69002 Lyon<\/em><\/p>\t\t\t\t\t\t\t\t<\/div>\n\t\t\t\t<\/div>\n\t\t\t\t\t<\/div>\n\t\t<\/div>\n\t\t\t\t\t<\/div>\n\t\t<\/section>\n\t\t\t\t<section class=\"elementor-section elementor-top-section elementor-element elementor-element-4315059 elementor-section-boxed elementor-section-height-default elementor-section-height-default\" data-id=\"4315059\" data-element_type=\"section\" data-e-type=\"section\">\n\t\t\t\t\t\t<div class=\"elementor-container elementor-column-gap-default\">\n\t\t\t\t\t<div class=\"elementor-column elementor-col-50 elementor-top-column elementor-element elementor-element-b45900b\" data-id=\"b45900b\" data-element_type=\"column\" data-e-type=\"column\">\n\t\t\t<div class=\"elementor-widget-wrap elementor-element-populated\">\n\t\t\t\t\t\t<div class=\"elementor-element elementor-element-f43e90c elementor-widget elementor-widget-image\" data-id=\"f43e90c\" data-element_type=\"widget\" data-e-type=\"widget\" data-widget_type=\"image.default\">\n\t\t\t\t<div class=\"elementor-widget-container\">\n\t\t\t\t\t\t\t\t\t\t\t\t\t\t\t<img fetchpriority=\"high\" decoding=\"async\" width=\"1024\" height=\"1024\" src=\"https:\/\/francemermet.art\/wp-content\/uploads\/2023\/05\/HAD-4-1024x1024.jpg\" class=\"attachment-large size-large wp-image-1274\" alt=\"\" srcset=\"https:\/\/francemermet.art\/wp-content\/uploads\/2023\/05\/HAD-4-1024x1024.jpg 1024w, https:\/\/francemermet.art\/wp-content\/uploads\/2023\/05\/HAD-4-300x300.jpg 300w, https:\/\/francemermet.art\/wp-content\/uploads\/2023\/05\/HAD-4-150x150.jpg 150w, https:\/\/francemermet.art\/wp-content\/uploads\/2023\/05\/HAD-4-768x768.jpg 768w, https:\/\/francemermet.art\/wp-content\/uploads\/2023\/05\/HAD-4-1536x1536.jpg 1536w, https:\/\/francemermet.art\/wp-content\/uploads\/2023\/05\/HAD-4-2048x2048.jpg 2048w, https:\/\/francemermet.art\/wp-content\/uploads\/2023\/05\/HAD-4-600x600.jpg 600w\" sizes=\"(max-width: 1024px) 100vw, 1024px\" \/>\t\t\t\t\t\t\t\t\t\t\t\t\t\t\t<\/div>\n\t\t\t\t<\/div>\n\t\t\t\t<div class=\"elementor-element elementor-element-5ba8301 elementor-widget elementor-widget-image\" data-id=\"5ba8301\" data-element_type=\"widget\" data-e-type=\"widget\" data-widget_type=\"image.default\">\n\t\t\t\t<div class=\"elementor-widget-container\">\n\t\t\t\t\t\t\t\t\t\t\t\t\t\t\t<img decoding=\"async\" width=\"1024\" height=\"1024\" src=\"https:\/\/francemermet.art\/wp-content\/uploads\/2023\/05\/HAD4-1-scaled.jpg\" class=\"attachment-large size-large wp-image-1362\" alt=\"\" srcset=\"https:\/\/francemermet.art\/wp-content\/uploads\/2023\/05\/HAD4-1-scaled.jpg 2560w, https:\/\/francemermet.art\/wp-content\/uploads\/2023\/05\/HAD4-1-300x300.jpg 300w\" sizes=\"(max-width: 1024px) 100vw, 1024px\" \/>\t\t\t\t\t\t\t\t\t\t\t\t\t\t\t<\/div>\n\t\t\t\t<\/div>\n\t\t\t\t\t<\/div>\n\t\t<\/div>\n\t\t\t\t<div class=\"elementor-column elementor-col-50 elementor-top-column elementor-element elementor-element-9bbf75c\" data-id=\"9bbf75c\" data-element_type=\"column\" data-e-type=\"column\">\n\t\t\t<div class=\"elementor-widget-wrap elementor-element-populated\">\n\t\t\t\t\t\t<div class=\"elementor-element elementor-element-bb91a51 elementor-widget elementor-widget-video\" data-id=\"bb91a51\" data-element_type=\"widget\" data-e-type=\"widget\" data-settings=\"{&quot;video_type&quot;:&quot;hosted&quot;,&quot;autoplay&quot;:&quot;yes&quot;,&quot;play_on_mobile&quot;:&quot;yes&quot;,&quot;mute&quot;:&quot;yes&quot;,&quot;loop&quot;:&quot;yes&quot;}\" data-widget_type=\"video.default\">\n\t\t\t\t<div class=\"elementor-widget-container\">\n\t\t\t\t\t\t\t<div class=\"e-hosted-video elementor-wrapper elementor-open-inline\">\n\t\t\t\t\t<video class=\"elementor-video\" src=\"https:\/\/francemermet.art\/wp-content\/uploads\/2023\/05\/WIPHAD.mp4\" autoplay=\"\" loop=\"\" muted=\"muted\" playsinline=\"\" controlsList=\"nodownload\"><\/video>\n\t\t\t\t<\/div>\n\t\t\t\t\t\t<\/div>\n\t\t\t\t<\/div>\n\t\t\t\t\t<\/div>\n\t\t<\/div>\n\t\t\t\t\t<\/div>\n\t\t<\/section>\n\t\t\t\t<section class=\"elementor-section elementor-top-section elementor-element elementor-element-d6cd802 elementor-section-boxed elementor-section-height-default elementor-section-height-default\" data-id=\"d6cd802\" data-element_type=\"section\" data-e-type=\"section\">\n\t\t\t\t\t\t<div class=\"elementor-container elementor-column-gap-default\">\n\t\t\t\t\t<div class=\"elementor-column elementor-col-100 elementor-top-column elementor-element elementor-element-c8dfaba\" data-id=\"c8dfaba\" data-element_type=\"column\" data-e-type=\"column\">\n\t\t\t<div class=\"elementor-widget-wrap\">\n\t\t\t\t\t\t\t<\/div>\n\t\t<\/div>\n\t\t\t\t\t<\/div>\n\t\t<\/section>\n\t\t\t\t<\/div>\n\t\t","protected":false},"excerpt":{"rendered":"<p>Festival AIRT DE FAMILLE D&rsquo;HIER \u00c0 DEMAIN (2023) Cette installation a \u00e9t\u00e9 pens\u00e9e comme une exp\u00e9rience d&rsquo;espace, dans une salle t\u00e9moin du Mus\u00e9e des Tissus choisie pour la force de ses d\u00e9tails patrimoniaux class\u00e9s, qui a su conserver l&rsquo;essence du lieu.La faille dans le sol donne la sensation d&rsquo;un continuum entre le pass\u00e9 et le [&hellip;]<\/p>\n","protected":false},"author":1,"featured_media":0,"parent":0,"menu_order":0,"comment_status":"closed","ping_status":"closed","template":"","meta":{"footnotes":""},"class_list":["post-1359","page","type-page","status-publish","hentry","entry","owp-thumbs-layout-horizontal","owp-btn-normal","owp-tabs-layout-horizontal","has-no-thumbnails","has-product-nav"],"yoast_head":"<!-- This site is optimized with the Yoast SEO plugin v27.5 - https:\/\/yoast.com\/product\/yoast-seo-wordpress\/ -->\n<title>D&#039;hier \u00e0 demain - france mermet<\/title>\n<meta name=\"robots\" content=\"index, follow, max-snippet:-1, max-image-preview:large, max-video-preview:-1\" \/>\n<link rel=\"canonical\" href=\"https:\/\/francemermet.art\/?page_id=1359\" \/>\n<meta property=\"og:locale\" content=\"fr_FR\" \/>\n<meta property=\"og:type\" content=\"article\" \/>\n<meta property=\"og:title\" content=\"D&#039;hier \u00e0 demain - france mermet\" \/>\n<meta property=\"og:description\" content=\"Festival AIRT DE FAMILLE D&rsquo;HIER \u00c0 DEMAIN (2023) Cette installation a \u00e9t\u00e9 pens\u00e9e comme une exp\u00e9rience d&rsquo;espace, dans une salle t\u00e9moin du Mus\u00e9e des Tissus choisie pour la force de ses d\u00e9tails patrimoniaux class\u00e9s, qui a su conserver l&rsquo;essence du lieu.La faille dans le sol donne la sensation d&rsquo;un continuum entre le pass\u00e9 et le [&hellip;]\" \/>\n<meta property=\"og:url\" content=\"https:\/\/francemermet.art\/?page_id=1359\" \/>\n<meta property=\"og:site_name\" content=\"france mermet\" \/>\n<meta property=\"article:modified_time\" content=\"2024-11-12T15:21:38+00:00\" \/>\n<meta property=\"og:image\" content=\"https:\/\/francemermet.art\/wp-content\/uploads\/2023\/05\/HAD3-1-2048x2048.jpg\" \/>\n<meta name=\"twitter:card\" content=\"summary_large_image\" \/>\n<meta name=\"twitter:label1\" content=\"Dur\u00e9e de lecture estim\u00e9e\" \/>\n\t<meta name=\"twitter:data1\" content=\"1 minute\" \/>\n<script type=\"application\/ld+json\" class=\"yoast-schema-graph\">{\"@context\":\"https:\\\/\\\/schema.org\",\"@graph\":[{\"@type\":\"WebPage\",\"@id\":\"https:\\\/\\\/francemermet.art\\\/?page_id=1359\",\"url\":\"https:\\\/\\\/francemermet.art\\\/?page_id=1359\",\"name\":\"D'hier \u00e0 demain - france mermet\",\"isPartOf\":{\"@id\":\"https:\\\/\\\/francemermet.art\\\/#website\"},\"primaryImageOfPage\":{\"@id\":\"https:\\\/\\\/francemermet.art\\\/?page_id=1359#primaryimage\"},\"image\":{\"@id\":\"https:\\\/\\\/francemermet.art\\\/?page_id=1359#primaryimage\"},\"thumbnailUrl\":\"https:\\\/\\\/francemermet.art\\\/wp-content\\\/uploads\\\/2023\\\/05\\\/HAD3-1-2048x2048.jpg\",\"datePublished\":\"2023-05-19T04:54:39+00:00\",\"dateModified\":\"2024-11-12T15:21:38+00:00\",\"breadcrumb\":{\"@id\":\"https:\\\/\\\/francemermet.art\\\/?page_id=1359#breadcrumb\"},\"inLanguage\":\"fr-FR\",\"potentialAction\":[{\"@type\":\"ReadAction\",\"target\":[\"https:\\\/\\\/francemermet.art\\\/?page_id=1359\"]}]},{\"@type\":\"ImageObject\",\"inLanguage\":\"fr-FR\",\"@id\":\"https:\\\/\\\/francemermet.art\\\/?page_id=1359#primaryimage\",\"url\":\"https:\\\/\\\/francemermet.art\\\/wp-content\\\/uploads\\\/2023\\\/05\\\/HAD3-1-scaled.jpg\",\"contentUrl\":\"https:\\\/\\\/francemermet.art\\\/wp-content\\\/uploads\\\/2023\\\/05\\\/HAD3-1-scaled.jpg\",\"width\":2560,\"height\":2560},{\"@type\":\"BreadcrumbList\",\"@id\":\"https:\\\/\\\/francemermet.art\\\/?page_id=1359#breadcrumb\",\"itemListElement\":[{\"@type\":\"ListItem\",\"position\":1,\"name\":\"Accueil\",\"item\":\"https:\\\/\\\/francemermet.art\\\/\"},{\"@type\":\"ListItem\",\"position\":2,\"name\":\"D&rsquo;hier \u00e0 demain\"}]},{\"@type\":\"WebSite\",\"@id\":\"https:\\\/\\\/francemermet.art\\\/#website\",\"url\":\"https:\\\/\\\/francemermet.art\\\/\",\"name\":\"France Mermet\",\"description\":\"Art, Design, Graphisme\",\"potentialAction\":[{\"@type\":\"SearchAction\",\"target\":{\"@type\":\"EntryPoint\",\"urlTemplate\":\"https:\\\/\\\/francemermet.art\\\/?s={search_term_string}\"},\"query-input\":{\"@type\":\"PropertyValueSpecification\",\"valueRequired\":true,\"valueName\":\"search_term_string\"}}],\"inLanguage\":\"fr-FR\"}]}<\/script>\n<!-- \/ Yoast SEO plugin. -->","yoast_head_json":{"title":"D'hier \u00e0 demain - france mermet","robots":{"index":"index","follow":"follow","max-snippet":"max-snippet:-1","max-image-preview":"max-image-preview:large","max-video-preview":"max-video-preview:-1"},"canonical":"https:\/\/francemermet.art\/?page_id=1359","og_locale":"fr_FR","og_type":"article","og_title":"D'hier \u00e0 demain - france mermet","og_description":"Festival AIRT DE FAMILLE D&rsquo;HIER \u00c0 DEMAIN (2023) Cette installation a \u00e9t\u00e9 pens\u00e9e comme une exp\u00e9rience d&rsquo;espace, dans une salle t\u00e9moin du Mus\u00e9e des Tissus choisie pour la force de ses d\u00e9tails patrimoniaux class\u00e9s, qui a su conserver l&rsquo;essence du lieu.La faille dans le sol donne la sensation d&rsquo;un continuum entre le pass\u00e9 et le [&hellip;]","og_url":"https:\/\/francemermet.art\/?page_id=1359","og_site_name":"france mermet","article_modified_time":"2024-11-12T15:21:38+00:00","og_image":[{"url":"https:\/\/francemermet.art\/wp-content\/uploads\/2023\/05\/HAD3-1-2048x2048.jpg","type":"","width":"","height":""}],"twitter_card":"summary_large_image","twitter_misc":{"Dur\u00e9e de lecture estim\u00e9e":"1 minute"},"schema":{"@context":"https:\/\/schema.org","@graph":[{"@type":"WebPage","@id":"https:\/\/francemermet.art\/?page_id=1359","url":"https:\/\/francemermet.art\/?page_id=1359","name":"D'hier \u00e0 demain - france mermet","isPartOf":{"@id":"https:\/\/francemermet.art\/#website"},"primaryImageOfPage":{"@id":"https:\/\/francemermet.art\/?page_id=1359#primaryimage"},"image":{"@id":"https:\/\/francemermet.art\/?page_id=1359#primaryimage"},"thumbnailUrl":"https:\/\/francemermet.art\/wp-content\/uploads\/2023\/05\/HAD3-1-2048x2048.jpg","datePublished":"2023-05-19T04:54:39+00:00","dateModified":"2024-11-12T15:21:38+00:00","breadcrumb":{"@id":"https:\/\/francemermet.art\/?page_id=1359#breadcrumb"},"inLanguage":"fr-FR","potentialAction":[{"@type":"ReadAction","target":["https:\/\/francemermet.art\/?page_id=1359"]}]},{"@type":"ImageObject","inLanguage":"fr-FR","@id":"https:\/\/francemermet.art\/?page_id=1359#primaryimage","url":"https:\/\/francemermet.art\/wp-content\/uploads\/2023\/05\/HAD3-1-scaled.jpg","contentUrl":"https:\/\/francemermet.art\/wp-content\/uploads\/2023\/05\/HAD3-1-scaled.jpg","width":2560,"height":2560},{"@type":"BreadcrumbList","@id":"https:\/\/francemermet.art\/?page_id=1359#breadcrumb","itemListElement":[{"@type":"ListItem","position":1,"name":"Accueil","item":"https:\/\/francemermet.art\/"},{"@type":"ListItem","position":2,"name":"D&rsquo;hier \u00e0 demain"}]},{"@type":"WebSite","@id":"https:\/\/francemermet.art\/#website","url":"https:\/\/francemermet.art\/","name":"France Mermet","description":"Art, Design, Graphisme","potentialAction":[{"@type":"SearchAction","target":{"@type":"EntryPoint","urlTemplate":"https:\/\/francemermet.art\/?s={search_term_string}"},"query-input":{"@type":"PropertyValueSpecification","valueRequired":true,"valueName":"search_term_string"}}],"inLanguage":"fr-FR"}]}},"jetpack_sharing_enabled":true,"_links":{"self":[{"href":"https:\/\/francemermet.art\/index.php?rest_route=\/wp\/v2\/pages\/1359","targetHints":{"allow":["GET"]}}],"collection":[{"href":"https:\/\/francemermet.art\/index.php?rest_route=\/wp\/v2\/pages"}],"about":[{"href":"https:\/\/francemermet.art\/index.php?rest_route=\/wp\/v2\/types\/page"}],"author":[{"embeddable":true,"href":"https:\/\/francemermet.art\/index.php?rest_route=\/wp\/v2\/users\/1"}],"replies":[{"embeddable":true,"href":"https:\/\/francemermet.art\/index.php?rest_route=%2Fwp%2Fv2%2Fcomments&post=1359"}],"version-history":[{"count":11,"href":"https:\/\/francemermet.art\/index.php?rest_route=\/wp\/v2\/pages\/1359\/revisions"}],"predecessor-version":[{"id":1482,"href":"https:\/\/francemermet.art\/index.php?rest_route=\/wp\/v2\/pages\/1359\/revisions\/1482"}],"wp:attachment":[{"href":"https:\/\/francemermet.art\/index.php?rest_route=%2Fwp%2Fv2%2Fmedia&parent=1359"}],"curies":[{"name":"wp","href":"https:\/\/api.w.org\/{rel}","templated":true}]}}