{"id":1395,"date":"2023-06-04T16:54:52","date_gmt":"2023-06-04T14:54:52","guid":{"rendered":"https:\/\/francemermet.art\/?page_id=1395"},"modified":"2024-11-21T14:49:08","modified_gmt":"2024-11-21T13:49:08","slug":"bons-baisers-de-samoens","status":"publish","type":"page","link":"https:\/\/francemermet.art\/?page_id=1395","title":{"rendered":"Bons baisers de Samo\u00ebns"},"content":{"rendered":"\t\t<div data-elementor-type=\"wp-page\" data-elementor-id=\"1395\" class=\"elementor elementor-1395\">\n\t\t\t\t\t\t<section class=\"elementor-section elementor-top-section elementor-element elementor-element-41c069c elementor-section-boxed elementor-section-height-default elementor-section-height-default\" data-id=\"41c069c\" data-element_type=\"section\" data-e-type=\"section\">\n\t\t\t\t\t\t<div class=\"elementor-container elementor-column-gap-default\">\n\t\t\t\t\t<div class=\"elementor-column elementor-col-50 elementor-top-column elementor-element elementor-element-2eecbec\" data-id=\"2eecbec\" data-element_type=\"column\" data-e-type=\"column\">\n\t\t\t<div class=\"elementor-widget-wrap elementor-element-populated\">\n\t\t\t\t\t\t<div class=\"elementor-element elementor-element-f3087b4 elementor-widget elementor-widget-text-editor\" data-id=\"f3087b4\" data-element_type=\"widget\" data-e-type=\"widget\" data-widget_type=\"text-editor.default\">\n\t\t\t\t<div class=\"elementor-widget-container\">\n\t\t\t\t\t\t\t\t\t<h1>BONS BAISERS DE SAMO\u00cbNS<\/h1>\t\t\t\t\t\t\t\t<\/div>\n\t\t\t\t<\/div>\n\t\t\t\t<div class=\"elementor-element elementor-element-15d4225 elementor-widget elementor-widget-spacer\" data-id=\"15d4225\" data-element_type=\"widget\" data-e-type=\"widget\" data-widget_type=\"spacer.default\">\n\t\t\t\t<div class=\"elementor-widget-container\">\n\t\t\t\t\t\t\t<div class=\"elementor-spacer\">\n\t\t\t<div class=\"elementor-spacer-inner\"><\/div>\n\t\t<\/div>\n\t\t\t\t\t\t<\/div>\n\t\t\t\t<\/div>\n\t\t\t\t<div class=\"elementor-element elementor-element-66c5e29 elementor-widget elementor-widget-text-editor\" data-id=\"66c5e29\" data-element_type=\"widget\" data-e-type=\"widget\" data-widget_type=\"text-editor.default\">\n\t\t\t\t<div class=\"elementor-widget-container\">\n\t\t\t\t\t\t\t\t\t<p>Club Med a demand\u00e9 pour l&rsquo;organisation de son Summer Mountain Festival en 2023 de cr\u00e9er un atelier th\u00e9matique sur-mesure qui propose \u00e0 ses festivaliers\u00a0 un moment de partage ludique et atypique.<\/p><p>L&rsquo;atelier avait pour but de valoriser le village de Sam\u00f6ens, lieu d&rsquo;implantation de l&rsquo;\u00e9v\u00e8nemen, offrir aux participants une occasion de \u00ab\u00a0l\u00e2cher-prise artistique\u00a0\u00bb, et de s&rsquo;initier \u00e0 la pratique du collage postal.<\/p><p>Chaque enveloppe cr\u00e9ative permet, \u00e0 partir d&rsquo;\u00e9l\u00e9ments al\u00e9atoires tir\u00e9s de l&rsquo;iconographie haute savoyarde, de cr\u00e9er une carte postale unique.<\/p>\t\t\t\t\t\t\t\t<\/div>\n\t\t\t\t<\/div>\n\t\t\t\t\t<\/div>\n\t\t<\/div>\n\t\t\t\t<div class=\"elementor-column elementor-col-50 elementor-top-column elementor-element elementor-element-fdc70bf\" data-id=\"fdc70bf\" data-element_type=\"column\" data-e-type=\"column\">\n\t\t\t<div class=\"elementor-widget-wrap elementor-element-populated\">\n\t\t\t\t\t\t<div class=\"elementor-element elementor-element-70c3c22 elementor-widget elementor-widget-video\" data-id=\"70c3c22\" data-element_type=\"widget\" data-e-type=\"widget\" data-settings=\"{&quot;video_type&quot;:&quot;hosted&quot;,&quot;autoplay&quot;:&quot;yes&quot;,&quot;play_on_mobile&quot;:&quot;yes&quot;,&quot;loop&quot;:&quot;yes&quot;,&quot;controls&quot;:&quot;yes&quot;}\" data-widget_type=\"video.default\">\n\t\t\t\t<div class=\"elementor-widget-container\">\n\t\t\t\t\t\t\t<div class=\"e-hosted-video elementor-wrapper elementor-open-inline\">\n\t\t\t\t\t<video class=\"elementor-video\" src=\"https:\/\/francemermet.art\/wp-content\/uploads\/2023\/06\/Stopmotion6.mp4\" autoplay=\"\" loop=\"\" controls=\"\" playsinline=\"\"><\/video>\n\t\t\t\t<\/div>\n\t\t\t\t\t\t<\/div>\n\t\t\t\t<\/div>\n\t\t\t\t\t<\/div>\n\t\t<\/div>\n\t\t\t\t\t<\/div>\n\t\t<\/section>\n\t\t\t\t<section class=\"elementor-section elementor-top-section elementor-element elementor-element-c2ea983 elementor-section-boxed elementor-section-height-default elementor-section-height-default\" data-id=\"c2ea983\" data-element_type=\"section\" data-e-type=\"section\">\n\t\t\t\t\t\t<div class=\"elementor-container elementor-column-gap-default\">\n\t\t\t\t\t<div class=\"elementor-column elementor-col-50 elementor-top-column elementor-element elementor-element-8b92f66\" data-id=\"8b92f66\" data-element_type=\"column\" data-e-type=\"column\">\n\t\t\t<div class=\"elementor-widget-wrap elementor-element-populated\">\n\t\t\t\t\t\t<div class=\"elementor-element elementor-element-0547cbc elementor-widget elementor-widget-image\" data-id=\"0547cbc\" data-element_type=\"widget\" data-e-type=\"widget\" data-widget_type=\"image.default\">\n\t\t\t\t<div class=\"elementor-widget-container\">\n\t\t\t\t\t\t\t\t\t\t\t\t\t\t\t<img fetchpriority=\"high\" decoding=\"async\" width=\"768\" height=\"1024\" src=\"https:\/\/francemermet.art\/wp-content\/uploads\/2024\/11\/PXL_20230606_143955582-scaled.jpg\" class=\"attachment-large size-large wp-image-1476\" alt=\"\" srcset=\"https:\/\/francemermet.art\/wp-content\/uploads\/2024\/11\/PXL_20230606_143955582-scaled.jpg 1920w, https:\/\/francemermet.art\/wp-content\/uploads\/2024\/11\/PXL_20230606_143955582-225x300.jpg 225w\" sizes=\"(max-width: 768px) 100vw, 768px\" \/>\t\t\t\t\t\t\t\t\t\t\t\t\t\t\t<\/div>\n\t\t\t\t<\/div>\n\t\t\t\t\t<\/div>\n\t\t<\/div>\n\t\t\t\t<div class=\"elementor-column elementor-col-50 elementor-top-column elementor-element elementor-element-40cc63e\" data-id=\"40cc63e\" data-element_type=\"column\" data-e-type=\"column\">\n\t\t\t<div class=\"elementor-widget-wrap elementor-element-populated\">\n\t\t\t\t\t\t<div class=\"elementor-element elementor-element-fa93eed elementor-widget__width-initial elementor-widget elementor-widget-image\" data-id=\"fa93eed\" data-element_type=\"widget\" data-e-type=\"widget\" data-widget_type=\"image.default\">\n\t\t\t\t<div class=\"elementor-widget-container\">\n\t\t\t\t\t\t\t\t\t\t\t\t\t\t\t<img decoding=\"async\" width=\"1024\" height=\"1024\" src=\"https:\/\/francemermet.art\/wp-content\/uploads\/2024\/11\/PXL_20230609_162905005-2-scaled-e1731424477595-1024x1024.jpg\" class=\"attachment-large size-large wp-image-1472\" alt=\"\" srcset=\"https:\/\/francemermet.art\/wp-content\/uploads\/2024\/11\/PXL_20230609_162905005-2-scaled-e1731424477595-1024x1024.jpg 1024w, https:\/\/francemermet.art\/wp-content\/uploads\/2024\/11\/PXL_20230609_162905005-2-scaled-e1731424477595-300x300.jpg 300w, https:\/\/francemermet.art\/wp-content\/uploads\/2024\/11\/PXL_20230609_162905005-2-scaled-e1731424477595-150x150.jpg 150w, https:\/\/francemermet.art\/wp-content\/uploads\/2024\/11\/PXL_20230609_162905005-2-scaled-e1731424477595-768x768.jpg 768w, https:\/\/francemermet.art\/wp-content\/uploads\/2024\/11\/PXL_20230609_162905005-2-scaled-e1731424477595-1536x1536.jpg 1536w, https:\/\/francemermet.art\/wp-content\/uploads\/2024\/11\/PXL_20230609_162905005-2-scaled-e1731424477595-600x600.jpg 600w, https:\/\/francemermet.art\/wp-content\/uploads\/2024\/11\/PXL_20230609_162905005-2-scaled-e1731424477595-100x100.jpg 100w, https:\/\/francemermet.art\/wp-content\/uploads\/2024\/11\/PXL_20230609_162905005-2-scaled-e1731424477595.jpg 1920w\" sizes=\"(max-width: 1024px) 100vw, 1024px\" \/>\t\t\t\t\t\t\t\t\t\t\t\t\t\t\t<\/div>\n\t\t\t\t<\/div>\n\t\t\t\t\t<\/div>\n\t\t<\/div>\n\t\t\t\t\t<\/div>\n\t\t<\/section>\n\t\t\t\t<section class=\"elementor-section elementor-top-section elementor-element elementor-element-d39cdad elementor-section-boxed elementor-section-height-default elementor-section-height-default\" data-id=\"d39cdad\" data-element_type=\"section\" data-e-type=\"section\">\n\t\t\t\t\t\t<div class=\"elementor-container elementor-column-gap-default\">\n\t\t\t\t\t<div class=\"elementor-column elementor-col-50 elementor-top-column elementor-element elementor-element-8809bd5\" data-id=\"8809bd5\" data-element_type=\"column\" data-e-type=\"column\">\n\t\t\t<div class=\"elementor-widget-wrap elementor-element-populated\">\n\t\t\t\t\t\t<div class=\"elementor-element elementor-element-706e5ea elementor-widget elementor-widget-image\" data-id=\"706e5ea\" data-element_type=\"widget\" data-e-type=\"widget\" data-widget_type=\"image.default\">\n\t\t\t\t<div class=\"elementor-widget-container\">\n\t\t\t\t\t\t\t\t\t\t\t\t\t\t\t<img decoding=\"async\" width=\"1024\" height=\"683\" src=\"https:\/\/francemermet.art\/wp-content\/uploads\/2024\/11\/138Credit-_-Club-Med-1024x683.jpg\" class=\"attachment-large size-large wp-image-1469\" alt=\"\" srcset=\"https:\/\/francemermet.art\/wp-content\/uploads\/2024\/11\/138Credit-_-Club-Med-1024x683.jpg 1024w, https:\/\/francemermet.art\/wp-content\/uploads\/2024\/11\/138Credit-_-Club-Med-300x200.jpg 300w, https:\/\/francemermet.art\/wp-content\/uploads\/2024\/11\/138Credit-_-Club-Med-768x512.jpg 768w, https:\/\/francemermet.art\/wp-content\/uploads\/2024\/11\/138Credit-_-Club-Med-1536x1024.jpg 1536w, https:\/\/francemermet.art\/wp-content\/uploads\/2024\/11\/138Credit-_-Club-Med-600x400.jpg 600w, https:\/\/francemermet.art\/wp-content\/uploads\/2024\/11\/138Credit-_-Club-Med-90x60.jpg 90w, https:\/\/francemermet.art\/wp-content\/uploads\/2024\/11\/138Credit-_-Club-Med-135x90.jpg 135w, https:\/\/francemermet.art\/wp-content\/uploads\/2024\/11\/138Credit-_-Club-Med.jpg 2048w\" sizes=\"(max-width: 1024px) 100vw, 1024px\" \/>\t\t\t\t\t\t\t\t\t\t\t\t\t\t\t<\/div>\n\t\t\t\t<\/div>\n\t\t\t\t\t<\/div>\n\t\t<\/div>\n\t\t\t\t<div class=\"elementor-column elementor-col-50 elementor-top-column elementor-element elementor-element-e096756\" data-id=\"e096756\" data-element_type=\"column\" data-e-type=\"column\">\n\t\t\t<div class=\"elementor-widget-wrap elementor-element-populated\">\n\t\t\t\t\t\t<div class=\"elementor-element elementor-element-28b8279 elementor-widget elementor-widget-image\" data-id=\"28b8279\" data-element_type=\"widget\" data-e-type=\"widget\" data-widget_type=\"image.default\">\n\t\t\t\t<div class=\"elementor-widget-container\">\n\t\t\t\t\t\t\t\t\t\t\t\t\t\t\t<img loading=\"lazy\" decoding=\"async\" width=\"683\" height=\"1024\" src=\"https:\/\/francemermet.art\/wp-content\/uploads\/2024\/11\/130Credit-_-Club-Med-683x1024.jpg\" class=\"attachment-large size-large wp-image-1470\" alt=\"\" srcset=\"https:\/\/francemermet.art\/wp-content\/uploads\/2024\/11\/130Credit-_-Club-Med-683x1024.jpg 683w, https:\/\/francemermet.art\/wp-content\/uploads\/2024\/11\/130Credit-_-Club-Med-200x300.jpg 200w, https:\/\/francemermet.art\/wp-content\/uploads\/2024\/11\/130Credit-_-Club-Med-768x1152.jpg 768w, https:\/\/francemermet.art\/wp-content\/uploads\/2024\/11\/130Credit-_-Club-Med-1024x1536.jpg 1024w, https:\/\/francemermet.art\/wp-content\/uploads\/2024\/11\/130Credit-_-Club-Med-600x900.jpg 600w, https:\/\/francemermet.art\/wp-content\/uploads\/2024\/11\/130Credit-_-Club-Med-40x60.jpg 40w, https:\/\/francemermet.art\/wp-content\/uploads\/2024\/11\/130Credit-_-Club-Med-60x90.jpg 60w, https:\/\/francemermet.art\/wp-content\/uploads\/2024\/11\/130Credit-_-Club-Med.jpg 1365w\" sizes=\"(max-width: 683px) 100vw, 683px\" \/>\t\t\t\t\t\t\t\t\t\t\t\t\t\t\t<\/div>\n\t\t\t\t<\/div>\n\t\t\t\t\t<\/div>\n\t\t<\/div>\n\t\t\t\t\t<\/div>\n\t\t<\/section>\n\t\t\t\t<\/div>\n\t\t","protected":false},"excerpt":{"rendered":"<p>BONS BAISERS DE SAMO\u00cbNS Club Med a demand\u00e9 pour l&rsquo;organisation de son Summer Mountain Festival en 2023 de cr\u00e9er un atelier th\u00e9matique sur-mesure qui propose \u00e0 ses festivaliers\u00a0 un moment de partage ludique et atypique. L&rsquo;atelier avait pour but de valoriser le village de Sam\u00f6ens, lieu d&rsquo;implantation de l&rsquo;\u00e9v\u00e8nemen, offrir aux participants une occasion de [&hellip;]<\/p>\n","protected":false},"author":1,"featured_media":0,"parent":0,"menu_order":0,"comment_status":"closed","ping_status":"closed","template":"","meta":{"footnotes":""},"class_list":["post-1395","page","type-page","status-publish","hentry","entry","owp-thumbs-layout-horizontal","owp-btn-normal","owp-tabs-layout-horizontal","has-no-thumbnails","has-product-nav"],"yoast_head":"<!-- This site is optimized with the Yoast SEO plugin v27.5 - https:\/\/yoast.com\/product\/yoast-seo-wordpress\/ -->\n<title>Bons baisers de Samo\u00ebns - france mermet<\/title>\n<meta name=\"robots\" content=\"index, follow, max-snippet:-1, max-image-preview:large, max-video-preview:-1\" \/>\n<link rel=\"canonical\" href=\"https:\/\/francemermet.art\/?page_id=1395\" \/>\n<meta property=\"og:locale\" content=\"fr_FR\" \/>\n<meta property=\"og:type\" content=\"article\" \/>\n<meta property=\"og:title\" content=\"Bons baisers de Samo\u00ebns - france mermet\" \/>\n<meta property=\"og:description\" content=\"BONS BAISERS DE SAMO\u00cbNS Club Med a demand\u00e9 pour l&rsquo;organisation de son Summer Mountain Festival en 2023 de cr\u00e9er un atelier th\u00e9matique sur-mesure qui propose \u00e0 ses festivaliers\u00a0 un moment de partage ludique et atypique. L&rsquo;atelier avait pour but de valoriser le village de Sam\u00f6ens, lieu d&rsquo;implantation de l&rsquo;\u00e9v\u00e8nemen, offrir aux participants une occasion de [&hellip;]\" \/>\n<meta property=\"og:url\" content=\"https:\/\/francemermet.art\/?page_id=1395\" \/>\n<meta property=\"og:site_name\" content=\"france mermet\" \/>\n<meta property=\"article:modified_time\" content=\"2024-11-21T13:49:08+00:00\" \/>\n<meta property=\"og:image\" content=\"https:\/\/francemermet.art\/wp-content\/uploads\/2024\/11\/PXL_20230606_143955582-scaled.jpg\" \/>\n<meta name=\"twitter:card\" content=\"summary_large_image\" \/>\n<meta name=\"twitter:label1\" content=\"Dur\u00e9e de lecture estim\u00e9e\" \/>\n\t<meta name=\"twitter:data1\" content=\"1 minute\" \/>\n<script type=\"application\/ld+json\" class=\"yoast-schema-graph\">{\"@context\":\"https:\\\/\\\/schema.org\",\"@graph\":[{\"@type\":\"WebPage\",\"@id\":\"https:\\\/\\\/francemermet.art\\\/?page_id=1395\",\"url\":\"https:\\\/\\\/francemermet.art\\\/?page_id=1395\",\"name\":\"Bons baisers de Samo\u00ebns - france mermet\",\"isPartOf\":{\"@id\":\"https:\\\/\\\/francemermet.art\\\/#website\"},\"primaryImageOfPage\":{\"@id\":\"https:\\\/\\\/francemermet.art\\\/?page_id=1395#primaryimage\"},\"image\":{\"@id\":\"https:\\\/\\\/francemermet.art\\\/?page_id=1395#primaryimage\"},\"thumbnailUrl\":\"https:\\\/\\\/francemermet.art\\\/wp-content\\\/uploads\\\/2024\\\/11\\\/PXL_20230606_143955582-scaled.jpg\",\"datePublished\":\"2023-06-04T14:54:52+00:00\",\"dateModified\":\"2024-11-21T13:49:08+00:00\",\"breadcrumb\":{\"@id\":\"https:\\\/\\\/francemermet.art\\\/?page_id=1395#breadcrumb\"},\"inLanguage\":\"fr-FR\",\"potentialAction\":[{\"@type\":\"ReadAction\",\"target\":[\"https:\\\/\\\/francemermet.art\\\/?page_id=1395\"]}]},{\"@type\":\"ImageObject\",\"inLanguage\":\"fr-FR\",\"@id\":\"https:\\\/\\\/francemermet.art\\\/?page_id=1395#primaryimage\",\"url\":\"https:\\\/\\\/francemermet.art\\\/wp-content\\\/uploads\\\/2024\\\/11\\\/PXL_20230606_143955582-scaled.jpg\",\"contentUrl\":\"https:\\\/\\\/francemermet.art\\\/wp-content\\\/uploads\\\/2024\\\/11\\\/PXL_20230606_143955582-scaled.jpg\",\"width\":1920,\"height\":2560},{\"@type\":\"BreadcrumbList\",\"@id\":\"https:\\\/\\\/francemermet.art\\\/?page_id=1395#breadcrumb\",\"itemListElement\":[{\"@type\":\"ListItem\",\"position\":1,\"name\":\"Accueil\",\"item\":\"https:\\\/\\\/francemermet.art\\\/\"},{\"@type\":\"ListItem\",\"position\":2,\"name\":\"Bons baisers de Samo\u00ebns\"}]},{\"@type\":\"WebSite\",\"@id\":\"https:\\\/\\\/francemermet.art\\\/#website\",\"url\":\"https:\\\/\\\/francemermet.art\\\/\",\"name\":\"France Mermet\",\"description\":\"Art, Design, Graphisme\",\"potentialAction\":[{\"@type\":\"SearchAction\",\"target\":{\"@type\":\"EntryPoint\",\"urlTemplate\":\"https:\\\/\\\/francemermet.art\\\/?s={search_term_string}\"},\"query-input\":{\"@type\":\"PropertyValueSpecification\",\"valueRequired\":true,\"valueName\":\"search_term_string\"}}],\"inLanguage\":\"fr-FR\"}]}<\/script>\n<!-- \/ Yoast SEO plugin. -->","yoast_head_json":{"title":"Bons baisers de Samo\u00ebns - france mermet","robots":{"index":"index","follow":"follow","max-snippet":"max-snippet:-1","max-image-preview":"max-image-preview:large","max-video-preview":"max-video-preview:-1"},"canonical":"https:\/\/francemermet.art\/?page_id=1395","og_locale":"fr_FR","og_type":"article","og_title":"Bons baisers de Samo\u00ebns - france mermet","og_description":"BONS BAISERS DE SAMO\u00cbNS Club Med a demand\u00e9 pour l&rsquo;organisation de son Summer Mountain Festival en 2023 de cr\u00e9er un atelier th\u00e9matique sur-mesure qui propose \u00e0 ses festivaliers\u00a0 un moment de partage ludique et atypique. L&rsquo;atelier avait pour but de valoriser le village de Sam\u00f6ens, lieu d&rsquo;implantation de l&rsquo;\u00e9v\u00e8nemen, offrir aux participants une occasion de [&hellip;]","og_url":"https:\/\/francemermet.art\/?page_id=1395","og_site_name":"france mermet","article_modified_time":"2024-11-21T13:49:08+00:00","og_image":[{"url":"https:\/\/francemermet.art\/wp-content\/uploads\/2024\/11\/PXL_20230606_143955582-scaled.jpg","type":"","width":"","height":""}],"twitter_card":"summary_large_image","twitter_misc":{"Dur\u00e9e de lecture estim\u00e9e":"1 minute"},"schema":{"@context":"https:\/\/schema.org","@graph":[{"@type":"WebPage","@id":"https:\/\/francemermet.art\/?page_id=1395","url":"https:\/\/francemermet.art\/?page_id=1395","name":"Bons baisers de Samo\u00ebns - france mermet","isPartOf":{"@id":"https:\/\/francemermet.art\/#website"},"primaryImageOfPage":{"@id":"https:\/\/francemermet.art\/?page_id=1395#primaryimage"},"image":{"@id":"https:\/\/francemermet.art\/?page_id=1395#primaryimage"},"thumbnailUrl":"https:\/\/francemermet.art\/wp-content\/uploads\/2024\/11\/PXL_20230606_143955582-scaled.jpg","datePublished":"2023-06-04T14:54:52+00:00","dateModified":"2024-11-21T13:49:08+00:00","breadcrumb":{"@id":"https:\/\/francemermet.art\/?page_id=1395#breadcrumb"},"inLanguage":"fr-FR","potentialAction":[{"@type":"ReadAction","target":["https:\/\/francemermet.art\/?page_id=1395"]}]},{"@type":"ImageObject","inLanguage":"fr-FR","@id":"https:\/\/francemermet.art\/?page_id=1395#primaryimage","url":"https:\/\/francemermet.art\/wp-content\/uploads\/2024\/11\/PXL_20230606_143955582-scaled.jpg","contentUrl":"https:\/\/francemermet.art\/wp-content\/uploads\/2024\/11\/PXL_20230606_143955582-scaled.jpg","width":1920,"height":2560},{"@type":"BreadcrumbList","@id":"https:\/\/francemermet.art\/?page_id=1395#breadcrumb","itemListElement":[{"@type":"ListItem","position":1,"name":"Accueil","item":"https:\/\/francemermet.art\/"},{"@type":"ListItem","position":2,"name":"Bons baisers de Samo\u00ebns"}]},{"@type":"WebSite","@id":"https:\/\/francemermet.art\/#website","url":"https:\/\/francemermet.art\/","name":"France Mermet","description":"Art, Design, Graphisme","potentialAction":[{"@type":"SearchAction","target":{"@type":"EntryPoint","urlTemplate":"https:\/\/francemermet.art\/?s={search_term_string}"},"query-input":{"@type":"PropertyValueSpecification","valueRequired":true,"valueName":"search_term_string"}}],"inLanguage":"fr-FR"}]}},"jetpack_sharing_enabled":true,"_links":{"self":[{"href":"https:\/\/francemermet.art\/index.php?rest_route=\/wp\/v2\/pages\/1395","targetHints":{"allow":["GET"]}}],"collection":[{"href":"https:\/\/francemermet.art\/index.php?rest_route=\/wp\/v2\/pages"}],"about":[{"href":"https:\/\/francemermet.art\/index.php?rest_route=\/wp\/v2\/types\/page"}],"author":[{"embeddable":true,"href":"https:\/\/francemermet.art\/index.php?rest_route=\/wp\/v2\/users\/1"}],"replies":[{"embeddable":true,"href":"https:\/\/francemermet.art\/index.php?rest_route=%2Fwp%2Fv2%2Fcomments&post=1395"}],"version-history":[{"count":43,"href":"https:\/\/francemermet.art\/index.php?rest_route=\/wp\/v2\/pages\/1395\/revisions"}],"predecessor-version":[{"id":1842,"href":"https:\/\/francemermet.art\/index.php?rest_route=\/wp\/v2\/pages\/1395\/revisions\/1842"}],"wp:attachment":[{"href":"https:\/\/francemermet.art\/index.php?rest_route=%2Fwp%2Fv2%2Fmedia&parent=1395"}],"curies":[{"name":"wp","href":"https:\/\/api.w.org\/{rel}","templated":true}]}}